{"id":95,"date":"2015-05-11T10:07:15","date_gmt":"2015-05-11T08:07:15","guid":{"rendered":"http:\/\/www.krueckengurt.de\/2015\/?page_id=95"},"modified":"2021-05-05T21:31:59","modified_gmt":"2021-05-05T19:31:59","slug":"contact","status":"publish","type":"page","link":"https:\/\/www.krueckengurt.de\/en\/contact\/","title":{"rendered":"Contact"},"content":{"rendered":"<div  class='flex_column av-8vc4h-cc1cf303c92d86ad0070c631bfec4ad2 av_one_full  avia-builder-el-0  avia-builder-el-no-sibling  first flex_column_div  '     ><p>\n<style type=\"text\/css\" data-created_by=\"avia_inline_auto\" id=\"style-css-av-av_heading-6a2638f25941a052a25c742cb33d0797\">\n#top .av-special-heading.av-av_heading-6a2638f25941a052a25c742cb33d0797{\npadding-bottom:10px;\nfont-size:24px;\n}\nbody .av-special-heading.av-av_heading-6a2638f25941a052a25c742cb33d0797 .av-special-heading-tag .heading-char{\nfont-size:25px;\n}\n#top #wrap_all .av-special-heading.av-av_heading-6a2638f25941a052a25c742cb33d0797 .av-special-heading-tag{\nfont-size:24px;\n}\n.av-special-heading.av-av_heading-6a2638f25941a052a25c742cb33d0797 .av-subheading{\nfont-size:15px;\n}\n\n@media only screen and (min-width: 480px) and (max-width: 767px){ \n#top #wrap_all .av-special-heading.av-av_heading-6a2638f25941a052a25c742cb33d0797 .av-special-heading-tag{\nfont-size:0.8em;\n}\n}\n\n@media only screen and (max-width: 479px){ \n#top #wrap_all .av-special-heading.av-av_heading-6a2638f25941a052a25c742cb33d0797 .av-special-heading-tag{\nfont-size:0.8em;\n}\n}\n<\/style>\n<div  class='av-special-heading av-av_heading-6a2638f25941a052a25c742cb33d0797 av-special-heading-h1 blockquote modern-quote  avia-builder-el-1  el_before_av_textblock  avia-builder-el-first  av-inherit-size'><h1 class='av-special-heading-tag '  itemprop=\"headline\"  >Nehmen Sie Kontakt auf<\/h1><div class=\"special-heading-border\"><div class=\"special-heading-inner-border\"><\/div><\/div><\/div><br \/>\n<section  class='av_textblock_section av-78ett-89c3c08319f1e658934cfdd317e8c5c4 '   itemscope=\"itemscope\" itemtype=\"https:\/\/schema.org\/CreativeWork\" ><div class='avia_textblock'  itemprop=\"text\" ><p>Wenn Sie Fragen zum Produkt oder zu Lieferungen in gr\u00f6\u00dferen Mengen haben, schreiben Sie uns bitte an. Wir antworten zeitnah und unverz\u00fcglich. Nutzen Sie hier unser Kontaktformular oder schreiben Sie direkt an unsere Email-Adresse.<\/p>\n<\/div><\/section><br \/>\n\n<style type=\"text\/css\" data-created_by=\"avia_inline_auto\" id=\"style-css-av-6xr9h-cb92d02e30dbcfc3694ad325743ca862\">\n#top .hr.av-6xr9h-cb92d02e30dbcfc3694ad325743ca862{\nmargin-top:30px;\nmargin-bottom:30px;\n}\n.hr.av-6xr9h-cb92d02e30dbcfc3694ad325743ca862 .hr-inner{\nwidth:50%;\nmax-width:45%;\n}\n<\/style>\n<div  class='hr av-6xr9h-cb92d02e30dbcfc3694ad325743ca862 hr-custom  avia-builder-el-3  el_after_av_textblock  el_before_av_contact  hr-center hr-icon-yes'><span class='hr-inner inner-border-av-border-thin'><span class=\"hr-inner-style\"><\/span><\/span><span class='av-seperator-icon avia-iconfont avia-font-entypo-fontello' data-av_icon='\ue84d' data-av_iconfont='entypo-fontello' ><\/span><span class='hr-inner inner-border-av-border-thin'><span class=\"hr-inner-style\"><\/span><\/span><\/div><br \/>\n<form action=\"https:\/\/www.krueckengurt.de\/en\/contact\/\" method=\"post\" data-fields-with-error=\"Found errors in the following field(s):\" class=\"avia_ajax_form av-form-labels-visible   avia-builder-el-4  el_after_av_hr  avia-builder-el-last   \" data-avia-form-id=\"1\" data-avia-redirect='' ><fieldset><p class='  first_form  form_element form_element_half' id='element_avia_1_1'><label for=\"avia_1_1\">Vor- und Nachname <abbr class=\"required\" title=\"required\">*<\/abbr><\/label> <input name=\"avia_1_1\" class=\"text_input is_empty\" type=\"text\" id=\"avia_1_1\" value=\"\" \/><\/p><p class='  form_element form_element_half' id='element_avia_2_1'><label for=\"avia_2_1\">Stra\u00dfe und Hausnummer <abbr class=\"required\" title=\"required\">*<\/abbr><\/label> <input name=\"avia_2_1\" class=\"text_input is_empty\" type=\"text\" id=\"avia_2_1\" value=\"\" \/><\/p><p class='  first_form  form_element form_element_half' id='element_avia_3_1'><label for=\"avia_3_1\">PLZ und Ort <abbr class=\"required\" title=\"required\">*<\/abbr><\/label> <input name=\"avia_3_1\" class=\"text_input is_empty\" type=\"text\" id=\"avia_3_1\" value=\"\" \/><\/p><p class='  form_element form_element_half' id='element_avia_4_1'><label for=\"avia_4_1\">Email-Adresse <abbr class=\"required\" title=\"required\">*<\/abbr><\/label> <input name=\"avia_4_1\" class=\"text_input is_email\" type=\"text\" id=\"avia_4_1\" value=\"\" \/><\/p><p class='  first_form  form_element form_element_half' id='element_avia_5_1'><label for=\"avia_5_1\">Telefon<\/label> <input name=\"avia_5_1\" class=\"text_input \" type=\"text\" id=\"avia_5_1\" value=\"\" \/><\/p><p class='  form_element form_element_half' id='element_avia_6_1'><label for=\"avia_6_1\">Kontakt per<\/label><select  name=\"avia_6_1\" class=\"select \" id=\"avia_6_1\"><option   value='Bitte w\u00e4hlen'>Bitte w\u00e4hlen<\/option><option   value='Email'>Email<\/option><option   value='Telefon'>Telefon<\/option><\/select><\/p><p class='  first_form  form_element form_element_half' id='element_avia_7_1'><label for=\"avia_7_1\">Betreff<\/label><select  name=\"avia_7_1\" class=\"select \" id=\"avia_7_1\"><option   value='Bitte w\u00e4hlen'>Bitte w\u00e4hlen<\/option><option   value='Lieferanfrage'>Lieferanfrage<\/option><option   value='Produktinformation'>Produktinformation<\/option><\/select><\/p><p class='  form_element form_element_half' id='element_avia_8_1'><label for=\"avia_8_1\" class=\"textare_label hidden textare_label_avia_8_1\">Nachricht <abbr class=\"required\" title=\"required\">*<\/abbr><\/label><textarea  name=\"avia_8_1\" class=\"text_area is_empty\" cols=\"40\" rows=\"7\" id=\"avia_8_1\" ><\/textarea><\/p><p class='  first_form  form_element form_fullwidth av-last-visible-form-element' id='element_avia_9_1'><input  name=\"avia_9_1\" class=\"input_checkbox is_empty\" type=\"checkbox\" id=\"avia_9_1\" value=\"true\"\/><label class=\"input_checkbox_label\" for=\"avia_9_1\">Mit Absenden des Formulars bin ich mit der Erhebung und Verwendung meiner personenbezogenen Daten einverstanden. Diese Einwilligung kann jederzeit widerrufen werden. <abbr class=\"required\" title=\"required\">*<\/abbr><\/label><\/p><p class=\"hidden\"><input type=\"text\" name=\"avia_10_1\" class=\"hidden \" id=\"avia_10_1\" value=\"\" \/><\/p><p class=\"form_element \"><input type=\"hidden\" value=\"1\" name=\"avia_generated_form1\" \/><input type=\"submit\" value=\"Abschicken\" class=\"button\"  data-sending-label=\"Sending\"\/><\/p><\/fieldset><\/form><div id=\"ajaxresponse_1\" class=\"ajaxresponse ajaxresponse_1 hidden\"><\/div><\/p><\/div>\n","protected":false},"excerpt":{"rendered":"","protected":false},"author":1,"featured_media":0,"parent":0,"menu_order":6,"comment_status":"closed","ping_status":"closed","template":"","meta":{"footnotes":""},"class_list":["post-95","page","type-page","status-publish","hentry"],"_links":{"self":[{"href":"https:\/\/www.krueckengurt.de\/en\/wp-json\/wp\/v2\/pages\/95","targetHints":{"allow":["GET"]}}],"collection":[{"href":"https:\/\/www.krueckengurt.de\/en\/wp-json\/wp\/v2\/pages"}],"about":[{"href":"https:\/\/www.krueckengurt.de\/en\/wp-json\/wp\/v2\/types\/page"}],"author":[{"embeddable":true,"href":"https:\/\/www.krueckengurt.de\/en\/wp-json\/wp\/v2\/users\/1"}],"replies":[{"embeddable":true,"href":"https:\/\/www.krueckengurt.de\/en\/wp-json\/wp\/v2\/comments?post=95"}],"version-history":[{"count":3,"href":"https:\/\/www.krueckengurt.de\/en\/wp-json\/wp\/v2\/pages\/95\/revisions"}],"predecessor-version":[{"id":805,"href":"https:\/\/www.krueckengurt.de\/en\/wp-json\/wp\/v2\/pages\/95\/revisions\/805"}],"wp:attachment":[{"href":"https:\/\/www.krueckengurt.de\/en\/wp-json\/wp\/v2\/media?parent=95"}],"curies":[{"name":"wp","href":"https:\/\/api.w.org\/{rel}","templated":true}]}}